{"id":1864,"date":"2021-09-06T15:25:15","date_gmt":"2021-09-06T15:25:15","guid":{"rendered":"http:\/\/janellesante.com\/cart\/"},"modified":"2025-07-31T16:10:35","modified_gmt":"2025-07-31T16:10:35","slug":"cart","status":"publish","type":"page","link":"https:\/\/janellesante.com\/en\/cart\/","title":{"rendered":"Cart"},"content":{"rendered":"\t\t<div data-elementor-type=\"wp-page\" data-elementor-id=\"1864\" class=\"elementor elementor-1864 elementor-8\" data-elementor-post-type=\"page\">\n\t\t\t\t\t\t<section class=\"elementor-section elementor-top-section elementor-element elementor-element-15b8ef00 elementor-section-full_width elementor-section-height-default elementor-section-height-default\" data-id=\"15b8ef00\" data-element_type=\"section\" data-e-type=\"section\">\n\t\t\t\t\t\t<div class=\"elementor-container elementor-column-gap-default\">\n\t\t\t\t\t<div class=\"elementor-column elementor-col-100 elementor-top-column elementor-element elementor-element-12b68703\" data-id=\"12b68703\" data-element_type=\"column\" data-e-type=\"column\">\n\t\t\t<div class=\"elementor-widget-wrap elementor-element-populated\">\n\t\t\t\t\t\t<div class=\"elementor-element elementor-element-c792af2 elementor-widget elementor-widget-heading\" data-id=\"c792af2\" data-element_type=\"widget\" data-e-type=\"widget\" data-widget_type=\"heading.default\">\n\t\t\t\t<div class=\"elementor-widget-container\">\n\t\t\t\t\t<h1 class=\"elementor-heading-title elementor-size-default\">Cart<\/h1>\t\t\t\t<\/div>\n\t\t\t\t<\/div>\n\t\t\t\t\t<\/div>\n\t\t<\/div>\n\t\t\t\t\t<\/div>\n\t\t<\/section>\n\t\t\t\t<section class=\"elementor-section elementor-top-section elementor-element elementor-element-034669e elementor-section-boxed elementor-section-height-default elementor-section-height-default\" data-id=\"034669e\" data-element_type=\"section\" data-e-type=\"section\">\n\t\t\t\t\t\t<div class=\"elementor-container elementor-column-gap-default\">\n\t\t\t\t\t<div class=\"elementor-column elementor-col-100 elementor-top-column elementor-element elementor-element-4eab626\" data-id=\"4eab626\" data-element_type=\"column\" data-e-type=\"column\">\n\t\t\t<div class=\"elementor-widget-wrap elementor-element-populated\">\n\t\t\t\t\t\t<div class=\"elementor-element elementor-element-7c6e21e e-cart-layout-two-column elementor-widget elementor-widget-woocommerce-cart\" data-id=\"7c6e21e\" data-element_type=\"widget\" data-e-type=\"widget\" data-settings=\"{&quot;sticky_right_column&quot;:&quot;yes&quot;,&quot;update_cart_automatically&quot;:&quot;yes&quot;}\" data-widget_type=\"woocommerce-cart.default\">\n\t\t\t\t<div class=\"elementor-widget-container\">\n\t\t\t\t\t<div class=\"woocommerce\"><div class=\"woocommerce-notices-wrapper\"><\/div><div class=\"wc-empty-cart-message\">\n\t<div class=\"cart-empty woocommerce-info\" role=\"status\">\n\t\tYour cart is currently empty.\t<\/div>\n<\/div>\t<p class=\"return-to-shop\">\n\t\t<a class=\"button wc-backward\" href=\"https:\/\/janellesante.com\/en\/shop\/\">\n\t\t\tReturn to shop\t\t<\/a>\n\t<\/p>\n<\/div>\t\t\t\t<\/div>\n\t\t\t\t<\/div>\n\t\t\t\t\t<\/div>\n\t\t<\/div>\n\t\t\t\t\t<\/div>\n\t\t<\/section>\n\t\t\t\t<\/div>\n\t\t","protected":false},"excerpt":{"rendered":"<p>Cart Supprimer l\u2019\u00e9l\u00e9ment Miniature Produit Prix Quantit\u00e9 Sous-total &times; Spray Arnica 24,00&#36; quantit\u00e9 de Spray Arnica 144,00&#36; &times; Cool Pepper 22,00&#36; quantit\u00e9 de Cool Pepper 110,00&#36; Apply Cart total Sous-total 254,00&#36; Exp\u00e9dition Options de livraison introuvables pour 154 RUE LOUISE BERNARD, BELOEIL QC J3G 0J3. Saisissez une autre adresse Pays\u00a0\/ r\u00e9gion S\u00e9lectionner un pays\/r\u00e9gion\u2026Canada R\u00e9gion\u00a0\/\u00a0D\u00e9partement &#8230; <a title=\"Cart\" class=\"read-more\" href=\"https:\/\/janellesante.com\/en\/cart\/\" aria-label=\"Read more about Cart\">Read more<\/a><\/p>\n","protected":false},"author":3,"featured_media":0,"parent":0,"menu_order":0,"comment_status":"closed","ping_status":"closed","template":"","meta":{"_acf_changed":false,"footnotes":""},"class_list":["post-1864","page","type-page","status-publish"],"acf":[],"yoast_head":"<!-- This site is optimized with the Yoast SEO plugin v27.2 - https:\/\/yoast.com\/product\/yoast-seo-wordpress\/ -->\n<title>Cart - Janelle Sant\u00e9<\/title>\n<meta name=\"robots\" content=\"index, follow, max-snippet:-1, max-image-preview:large, max-video-preview:-1\" \/>\n<link rel=\"canonical\" href=\"https:\/\/janellesante.com\/en\/cart\/\" \/>\n<meta property=\"og:locale\" content=\"en_US\" \/>\n<meta property=\"og:type\" content=\"article\" \/>\n<meta property=\"og:title\" content=\"Cart - Janelle Sant\u00e9\" \/>\n<meta property=\"og:description\" content=\"Cart Supprimer l\u2019\u00e9l\u00e9ment Miniature Produit Prix Quantit\u00e9 Sous-total &times; Spray Arnica 24,00&#036; quantit\u00e9 de Spray Arnica 144,00&#036; &times; Cool Pepper 22,00&#036; quantit\u00e9 de Cool Pepper 110,00&#036; Apply Cart total Sous-total 254,00&#036; Exp\u00e9dition Options de livraison introuvables pour 154 RUE LOUISE BERNARD, BELOEIL QC J3G 0J3. Saisissez une autre adresse Pays\u00a0\/ r\u00e9gion S\u00e9lectionner un pays\/r\u00e9gion\u2026Canada R\u00e9gion\u00a0\/\u00a0D\u00e9partement ... Read more\" \/>\n<meta property=\"og:url\" content=\"https:\/\/janellesante.com\/en\/cart\/\" \/>\n<meta property=\"og:site_name\" content=\"Janelle Sant\u00e9\" \/>\n<meta property=\"article:modified_time\" content=\"2025-07-31T16:10:35+00:00\" \/>\n<meta property=\"og:image\" content=\"https:\/\/janellesante.com\/wp-content\/uploads\/2021\/05\/Img_Product_CoolPepper_JanelleSante-1-300x300.png\" \/>\n<meta name=\"twitter:card\" content=\"summary_large_image\" \/>\n<meta name=\"twitter:label1\" content=\"Est. reading time\" \/>\n\t<meta name=\"twitter:data1\" content=\"1 minute\" \/>\n<script type=\"application\/ld+json\" class=\"yoast-schema-graph\">{\"@context\":\"https:\/\/schema.org\",\"@graph\":[{\"@type\":\"WebPage\",\"@id\":\"https:\/\/janellesante.com\/en\/cart\/\",\"url\":\"https:\/\/janellesante.com\/en\/cart\/\",\"name\":\"Cart - Janelle Sant\u00e9\",\"isPartOf\":{\"@id\":\"https:\/\/janellesante.com\/en\/#website\"},\"primaryImageOfPage\":{\"@id\":\"https:\/\/janellesante.com\/en\/cart\/#primaryimage\"},\"image\":{\"@id\":\"https:\/\/janellesante.com\/en\/cart\/#primaryimage\"},\"thumbnailUrl\":\"https:\/\/janellesante.com\/wp-content\/uploads\/2021\/05\/SprayArnica_ImgProduct-300x300.png\",\"datePublished\":\"2021-09-06T15:25:15+00:00\",\"dateModified\":\"2025-07-31T16:10:35+00:00\",\"breadcrumb\":{\"@id\":\"https:\/\/janellesante.com\/en\/cart\/#breadcrumb\"},\"inLanguage\":\"en-US\",\"potentialAction\":[{\"@type\":\"ReadAction\",\"target\":[\"https:\/\/janellesante.com\/en\/cart\/\"]}]},{\"@type\":\"ImageObject\",\"inLanguage\":\"en-US\",\"@id\":\"https:\/\/janellesante.com\/en\/cart\/#primaryimage\",\"url\":\"https:\/\/janellesante.com\/wp-content\/uploads\/2021\/05\/SprayArnica_ImgProduct-300x300.png\",\"contentUrl\":\"https:\/\/janellesante.com\/wp-content\/uploads\/2021\/05\/SprayArnica_ImgProduct-300x300.png\"},{\"@type\":\"BreadcrumbList\",\"@id\":\"https:\/\/janellesante.com\/en\/cart\/#breadcrumb\",\"itemListElement\":[{\"@type\":\"ListItem\",\"position\":1,\"name\":\"Accueil\",\"item\":\"https:\/\/janellesante.com\/en\/\"},{\"@type\":\"ListItem\",\"position\":2,\"name\":\"Cart\"}]},{\"@type\":\"WebSite\",\"@id\":\"https:\/\/janellesante.com\/en\/#website\",\"url\":\"https:\/\/janellesante.com\/en\/\",\"name\":\"Janelle Sant\u00e9\",\"description\":\"La science du bien-\u00eatre\",\"publisher\":{\"@id\":\"https:\/\/janellesante.com\/en\/#organization\"},\"potentialAction\":[{\"@type\":\"SearchAction\",\"target\":{\"@type\":\"EntryPoint\",\"urlTemplate\":\"https:\/\/janellesante.com\/en\/?s={search_term_string}\"},\"query-input\":{\"@type\":\"PropertyValueSpecification\",\"valueRequired\":true,\"valueName\":\"search_term_string\"}}],\"inLanguage\":\"en-US\"},{\"@type\":\"Organization\",\"@id\":\"https:\/\/janellesante.com\/en\/#organization\",\"name\":\"Janelle-Rancourt S.E.N.C.\",\"url\":\"https:\/\/janellesante.com\/en\/\",\"logo\":{\"@type\":\"ImageObject\",\"inLanguage\":\"en-US\",\"@id\":\"https:\/\/janellesante.com\/en\/#\/schema\/logo\/image\/\",\"url\":\"http:\/\/janellesante.com\/wp-content\/uploads\/2021\/04\/Logo-Janelle-Sante\u0301.svg\",\"contentUrl\":\"http:\/\/janellesante.com\/wp-content\/uploads\/2021\/04\/Logo-Janelle-Sante\u0301.svg\",\"width\":230,\"height\":130,\"caption\":\"Janelle-Rancourt S.E.N.C.\"},\"image\":{\"@id\":\"https:\/\/janellesante.com\/en\/#\/schema\/logo\/image\/\"}}]}<\/script>\n<!-- \/ Yoast SEO plugin. -->","yoast_head_json":{"title":"Cart - Janelle Sant\u00e9","robots":{"index":"index","follow":"follow","max-snippet":"max-snippet:-1","max-image-preview":"max-image-preview:large","max-video-preview":"max-video-preview:-1"},"canonical":"https:\/\/janellesante.com\/en\/cart\/","og_locale":"en_US","og_type":"article","og_title":"Cart - Janelle Sant\u00e9","og_description":"Cart Supprimer l\u2019\u00e9l\u00e9ment Miniature Produit Prix Quantit\u00e9 Sous-total &times; Spray Arnica 24,00&#36; quantit\u00e9 de Spray Arnica 144,00&#36; &times; Cool Pepper 22,00&#36; quantit\u00e9 de Cool Pepper 110,00&#36; Apply Cart total Sous-total 254,00&#36; Exp\u00e9dition Options de livraison introuvables pour 154 RUE LOUISE BERNARD, BELOEIL QC J3G 0J3. Saisissez une autre adresse Pays\u00a0\/ r\u00e9gion S\u00e9lectionner un pays\/r\u00e9gion\u2026Canada R\u00e9gion\u00a0\/\u00a0D\u00e9partement ... Read more","og_url":"https:\/\/janellesante.com\/en\/cart\/","og_site_name":"Janelle Sant\u00e9","article_modified_time":"2025-07-31T16:10:35+00:00","og_image":[{"url":"https:\/\/janellesante.com\/wp-content\/uploads\/2021\/05\/Img_Product_CoolPepper_JanelleSante-1-300x300.png","type":"","width":"","height":""}],"twitter_card":"summary_large_image","twitter_misc":{"Est. reading time":"1 minute"},"schema":{"@context":"https:\/\/schema.org","@graph":[{"@type":"WebPage","@id":"https:\/\/janellesante.com\/en\/cart\/","url":"https:\/\/janellesante.com\/en\/cart\/","name":"Cart - Janelle Sant\u00e9","isPartOf":{"@id":"https:\/\/janellesante.com\/en\/#website"},"primaryImageOfPage":{"@id":"https:\/\/janellesante.com\/en\/cart\/#primaryimage"},"image":{"@id":"https:\/\/janellesante.com\/en\/cart\/#primaryimage"},"thumbnailUrl":"https:\/\/janellesante.com\/wp-content\/uploads\/2021\/05\/SprayArnica_ImgProduct-300x300.png","datePublished":"2021-09-06T15:25:15+00:00","dateModified":"2025-07-31T16:10:35+00:00","breadcrumb":{"@id":"https:\/\/janellesante.com\/en\/cart\/#breadcrumb"},"inLanguage":"en-US","potentialAction":[{"@type":"ReadAction","target":["https:\/\/janellesante.com\/en\/cart\/"]}]},{"@type":"ImageObject","inLanguage":"en-US","@id":"https:\/\/janellesante.com\/en\/cart\/#primaryimage","url":"https:\/\/janellesante.com\/wp-content\/uploads\/2021\/05\/SprayArnica_ImgProduct-300x300.png","contentUrl":"https:\/\/janellesante.com\/wp-content\/uploads\/2021\/05\/SprayArnica_ImgProduct-300x300.png"},{"@type":"BreadcrumbList","@id":"https:\/\/janellesante.com\/en\/cart\/#breadcrumb","itemListElement":[{"@type":"ListItem","position":1,"name":"Accueil","item":"https:\/\/janellesante.com\/en\/"},{"@type":"ListItem","position":2,"name":"Cart"}]},{"@type":"WebSite","@id":"https:\/\/janellesante.com\/en\/#website","url":"https:\/\/janellesante.com\/en\/","name":"Janelle Sant\u00e9","description":"La science du bien-\u00eatre","publisher":{"@id":"https:\/\/janellesante.com\/en\/#organization"},"potentialAction":[{"@type":"SearchAction","target":{"@type":"EntryPoint","urlTemplate":"https:\/\/janellesante.com\/en\/?s={search_term_string}"},"query-input":{"@type":"PropertyValueSpecification","valueRequired":true,"valueName":"search_term_string"}}],"inLanguage":"en-US"},{"@type":"Organization","@id":"https:\/\/janellesante.com\/en\/#organization","name":"Janelle-Rancourt S.E.N.C.","url":"https:\/\/janellesante.com\/en\/","logo":{"@type":"ImageObject","inLanguage":"en-US","@id":"https:\/\/janellesante.com\/en\/#\/schema\/logo\/image\/","url":"http:\/\/janellesante.com\/wp-content\/uploads\/2021\/04\/Logo-Janelle-Sante\u0301.svg","contentUrl":"http:\/\/janellesante.com\/wp-content\/uploads\/2021\/04\/Logo-Janelle-Sante\u0301.svg","width":230,"height":130,"caption":"Janelle-Rancourt S.E.N.C."},"image":{"@id":"https:\/\/janellesante.com\/en\/#\/schema\/logo\/image\/"}}]}},"_links":{"self":[{"href":"https:\/\/janellesante.com\/en\/wp-json\/wp\/v2\/pages\/1864","targetHints":{"allow":["GET"]}}],"collection":[{"href":"https:\/\/janellesante.com\/en\/wp-json\/wp\/v2\/pages"}],"about":[{"href":"https:\/\/janellesante.com\/en\/wp-json\/wp\/v2\/types\/page"}],"author":[{"embeddable":true,"href":"https:\/\/janellesante.com\/en\/wp-json\/wp\/v2\/users\/3"}],"replies":[{"embeddable":true,"href":"https:\/\/janellesante.com\/en\/wp-json\/wp\/v2\/comments?post=1864"}],"version-history":[{"count":14,"href":"https:\/\/janellesante.com\/en\/wp-json\/wp\/v2\/pages\/1864\/revisions"}],"predecessor-version":[{"id":2771,"href":"https:\/\/janellesante.com\/en\/wp-json\/wp\/v2\/pages\/1864\/revisions\/2771"}],"wp:attachment":[{"href":"https:\/\/janellesante.com\/en\/wp-json\/wp\/v2\/media?parent=1864"}],"curies":[{"name":"wp","href":"https:\/\/api.w.org\/{rel}","templated":true}]}}